{"id":3448,"date":"2024-06-21T05:03:20","date_gmt":"2024-06-21T05:03:20","guid":{"rendered":"https:\/\/chicchem.com\/?post_type=product&#038;p=3448"},"modified":"2024-08-07T09:18:17","modified_gmt":"2024-08-07T09:18:17","slug":"chicstab-ay156","status":"publish","type":"product","link":"https:\/\/chicchem.com\/fr\/produit\/chicstab-ay156\/","title":{"rendered":"Chictab AY156"},"content":{"rendered":"<p><span style=\"color: #28a7de;\"><strong><b>Description du produit<\/b><\/strong><\/span><\/p>\n<p><span style=\"color: #000000;\">Chicstab AY156 est un m\u00e9lange liquide de viscosit\u00e9 mod\u00e9r\u00e9e, adapt\u00e9 \u00e0 une utilisation dans les produits en polyur\u00e9thane qui exigent une r\u00e9sistance \u00e9lev\u00e9e \u00e0 l&#039;oxydation thermique et \u00e0 la photooxydation. Ces applications incluent les adh\u00e9sifs, la mousse pour chaussures, la mousse pour lingerie et la mousse cosm\u00e9tique, etc. Elle conf\u00e8re une excellente solidit\u00e9 des couleurs \u00e0 la mousse de polyur\u00e9thane apr\u00e8s un pressage \u00e0 chaud \u00e0 haute temp\u00e9rature, retardant le jaunissement et am\u00e9liorant la r\u00e9sistance aux intemp\u00e9ries. Chicstab AY156 d\u00e9montre une bonne compatibilit\u00e9 avec les substrats et offre une forte r\u00e9sistance \u00e0 l&#039;extraction. De plus, il ne contient ni BHT ni nonylph\u00e9nol, r\u00e9pondant ainsi aux exigences de protection de l\u2019environnement.<\/span><\/p>\n<p><span style=\"color: #28a7de;\"><strong><b>Propri\u00e9t\u00e9s physiques\u00a0<\/b><\/strong><\/span><\/p>\n<table>\n<tbody>\n<tr>\n<td style=\"background-color: #bce4f5;\" width=\"574\"><span style=\"color: #000000;\">Forme physique<\/span><\/td>\n<td width=\"680\"><span style=\"color: #000000;\">Liquide incolore \u00e0 jaune clair<\/span><\/td>\n<\/tr>\n<tr>\n<td style=\"background-color: #bce4f5;\" width=\"574\"><span style=\"color: #000000;\">Viscosit\u00e9 dynamique\uff0825\u2103\uff09 mPa.s<\/span><\/td>\n<td width=\"680\"><span style=\"color: #000000;\">\u2264550<\/span><\/td>\n<\/tr>\n<tr>\n<td style=\"background-color: #bce4f5;\" width=\"574\"><span style=\"color: #000000;\">Indice de r\u00e9fraction (25 \u2103)<\/span><\/td>\n<td width=\"680\"><span style=\"color: #000000;\">1.510~1.540<\/span><\/td>\n<\/tr>\n<\/tbody>\n<\/table>\n<p><span style=\"color: #28a7de;\"><strong><b>Caract\u00e9ristiques et avantages<\/b><\/strong><\/span><\/p>\n<p><span style=\"color: #000000;\">Il s&#039;agit d&#039;un antioxydant liquide qui pr\u00e9sente une excellente compatibilit\u00e9 avec le substrat, r\u00e9siste \u00e0 l&#039;oxydation \u00e0 haute temp\u00e9rature et aux intemp\u00e9ries, est facile \u00e0 disperser et \u00e0 pomper.<\/span><\/p>\n<p><span style=\"color: #28a7de;\"><strong><b>Directives d&#039;utilisation<\/b><\/strong><\/span><\/p>\n<p><span style=\"color: #000000;\">Les dosages recommand\u00e9s varient selon l&#039;application :<\/span><\/p>\n<ul>\n<li><span style=\"color: #000000;\">En mousse PU (\u00e0 base de poly\u00e9ther), la plage recommand\u00e9e est de 0,5% \u00e0 5%.<\/span><\/li>\n<li><span style=\"color: #000000;\">Dans le pr\u00e9polym\u00e8re de polyur\u00e9thane, la plage recommand\u00e9e est de 1% \u00e0 1,0%, avec la possibilit\u00e9 d&#039;optimisation en fonction des exigences sp\u00e9cifiques de l&#039;application.<\/span><\/li>\n<li><span style=\"color: #000000;\">Pour les adh\u00e9sifs, le dosage recommand\u00e9 est de 4 500 ppm, avec une personnalisation disponible selon les besoins.<\/span><\/li>\n<\/ul>\n<p><span style=\"color: #000000;\">Pour le stockage, veuillez assurer une bonne \u00e9tanch\u00e9it\u00e9 et un stockage en temps opportun si le produit ne peut pas \u00eatre utilis\u00e9 en une seule fois.<\/span><\/p>\n<p><span style=\"color: #28a7de;\"><strong><b>Emballer<\/b><\/strong><\/span><\/p>\n<p><span style=\"color: #000000;\">25KG\/tambour ou 190KG\/tambour<\/span><\/p>\n<p><span style=\"color: #28a7de;\"><strong><b>S<\/b><\/strong><strong><b>dur\u00e9e de vie<\/b><\/strong><\/span><\/p>\n<p><span style=\"color: #000000;\">12 mois \u00e0 compter de la date de production sous emballage d&#039;origine non ouvert.<\/span><\/p>\n<p><span style=\"color: #28a7de;\"><strong><b>Stockage<\/b><\/strong><\/span><\/p>\n<p><span style=\"color: #000000;\">Conserver dans des conditions sombres, s\u00e8ches, fra\u00eeches et scell\u00e9es pour maintenir sa qualit\u00e9.<\/span><\/p>\n<p><span style=\"color: #000000;\">Si le produit ne peut pas \u00eatre utilis\u00e9 en une seule fois, veuillez le sceller rapidement et le stocker correctement. Une exposition prolong\u00e9e \u00e0 la lumi\u00e8re et \u00e0 l&#039;air peut entra\u00eener une d\u00e9t\u00e9rioration du produit.<\/span><\/p>\n<p>&nbsp;<\/p>","protected":false},"excerpt":{"rendered":"<p>Prot\u00e8ge les mat\u00e9riaux des dommages oxydatifs, prolongeant leur dur\u00e9e de vie.<\/p>","protected":false},"featured_media":0,"template":"","meta":{"site-sidebar-layout":"default","site-content-layout":"","ast-site-content-layout":"default","site-content-style":"default","site-sidebar-style":"default","ast-global-header-display":"","ast-banner-title-visibility":"","ast-main-header-display":"","ast-hfb-above-header-display":"","ast-hfb-below-header-display":"","ast-hfb-mobile-header-display":"","site-post-title":"","ast-breadcrumbs-content":"","ast-featured-img":"","footer-sml-layout":"","theme-transparent-header-meta":"default","adv-header-id-meta":"","stick-header-meta":"","header-above-stick-meta":"","header-main-stick-meta":"","header-below-stick-meta":"","astra-migrate-meta-layouts":"set","ast-page-background-enabled":"default","ast-page-background-meta":{"desktop":{"background-color":"","background-image":"","background-repeat":"repeat","background-position":"center center","background-size":"auto","background-attachment":"scroll","background-type":"","background-media":"","overlay-type":"","overlay-color":"","overlay-opacity":"","overlay-gradient":""},"tablet":{"background-color":"","background-image":"","background-repeat":"repeat","background-position":"center center","background-size":"auto","background-attachment":"scroll","background-type":"","background-media":"","overlay-type":"","overlay-color":"","overlay-opacity":"","overlay-gradient":""},"mobile":{"background-color":"","background-image":"","background-repeat":"repeat","background-position":"center center","background-size":"auto","background-attachment":"scroll","background-type":"","background-media":"","overlay-type":"","overlay-color":"","overlay-opacity":"","overlay-gradient":""}},"ast-content-background-meta":{"desktop":{"background-color":"var(--ast-global-color-5)","background-image":"","background-repeat":"repeat","background-position":"center center","background-size":"auto","background-attachment":"scroll","background-type":"","background-media":"","overlay-type":"","overlay-color":"","overlay-opacity":"","overlay-gradient":""},"tablet":{"background-color":"var(--ast-global-color-5)","background-image":"","background-repeat":"repeat","background-position":"center center","background-size":"auto","background-attachment":"scroll","background-type":"","background-media":"","overlay-type":"","overlay-color":"","overlay-opacity":"","overlay-gradient":""},"mobile":{"background-color":"var(--ast-global-color-5)","background-image":"","background-repeat":"repeat","background-position":"center center","background-size":"auto","background-attachment":"scroll","background-type":"","background-media":"","overlay-type":"","overlay-color":"","overlay-opacity":"","overlay-gradient":""}}},"product_brand":[],"product_cat":[18,19],"product_tag":[],"class_list":{"0":"post-3448","1":"product","2":"type-product","3":"status-publish","5":"product_cat-products","6":"product_cat-antioxidant-for-polyether-and-foam","7":"desktop-align-left","8":"tablet-align-left","9":"mobile-align-left","11":"first","12":"instock","13":"shipping-taxable","14":"product-type-simple"},"_links":{"self":[{"href":"https:\/\/chicchem.com\/fr\/wp-json\/wp\/v2\/product\/3448","targetHints":{"allow":["GET"]}}],"collection":[{"href":"https:\/\/chicchem.com\/fr\/wp-json\/wp\/v2\/product"}],"about":[{"href":"https:\/\/chicchem.com\/fr\/wp-json\/wp\/v2\/types\/product"}],"wp:attachment":[{"href":"https:\/\/chicchem.com\/fr\/wp-json\/wp\/v2\/media?parent=3448"}],"wp:term":[{"taxonomy":"product_brand","embeddable":true,"href":"https:\/\/chicchem.com\/fr\/wp-json\/wp\/v2\/product_brand?post=3448"},{"taxonomy":"product_cat","embeddable":true,"href":"https:\/\/chicchem.com\/fr\/wp-json\/wp\/v2\/product_cat?post=3448"},{"taxonomy":"product_tag","embeddable":true,"href":"https:\/\/chicchem.com\/fr\/wp-json\/wp\/v2\/product_tag?post=3448"}],"curies":[{"name":"wp","href":"https:\/\/api.w.org\/{rel}","templated":true}]}}