{"id":3490,"date":"2024-07-08T03:04:19","date_gmt":"2024-07-08T03:04:19","guid":{"rendered":"https:\/\/chicchem.com\/?post_type=product&#038;p=3490"},"modified":"2024-07-31T06:06:27","modified_gmt":"2024-07-31T06:06:27","slug":"chicstab-168-2","status":"publish","type":"product","link":"https:\/\/chicchem.com\/fr\/produit\/chicstab-168-2\/","title":{"rendered":"Chictab 168"},"content":{"rendered":"<p><span style=\"color: #28a7de;\"><strong><b>Description du produit<\/b><\/strong><\/span><\/p>\n<p><span style=\"color: #000000;\">N \u00b0 CAS.  31570-04-4<\/span><\/p>\n<p><span style=\"color: #000000;\">Chicstab 168 est un antioxydant secondaire d&#039;ester de phosphite tr\u00e8s efficace connu pour ses capacit\u00e9s de performance sup\u00e9rieures. Il est largement utilis\u00e9 dans les industries impliquant le PE, le PP, le POM, la r\u00e9sine ABS, la r\u00e9sine PS, le PVC, les plastiques techniques, les adh\u00e9sifs, le caoutchouc, les produits p\u00e9troliers et d&#039;autres applications.<\/span><\/p>\n<p><span style=\"color: #000000;\">Il convient \u00e0 l\u2019optimisation des processus de polym\u00e9risation, de la formulation des produits et des applications finales.<\/span><\/p>\n<p><span style=\"color: #28a7de;\"><strong><b>Propri\u00e9t\u00e9s physiques\u00a0<\/b><\/strong><\/span><\/p>\n<table>\n<tbody>\n<tr>\n<td style=\"background-color: #bce4f5;\" width=\"472\"><span style=\"color: #000000;\">Forme physique\u00a0<\/span><\/td>\n<td width=\"869\"><span style=\"color: #000000;\">Poudre de cristal blanc<\/span><\/td>\n<\/tr>\n<tr>\n<td style=\"background-color: #bce4f5;\" width=\"472\"><span style=\"color: #000000;\">Point de fusion<\/span><\/td>\n<td width=\"869\"><span style=\"color: #000000;\">182,0-185,0\u00b0C<\/span><\/td>\n<\/tr>\n<tr>\n<td style=\"background-color: #bce4f5;\" width=\"472\"><span style=\"color: #000000;\">Essai<\/span><\/td>\n<td width=\"869\"><span style=\"color: #000000;\">\u226599,0%<\/span><\/td>\n<\/tr>\n<tr>\n<td style=\"background-color: #bce4f5;\" width=\"472\"><span style=\"color: #000000;\">Volatilisation<\/span><\/td>\n<td width=\"869\"><span style=\"color: #000000;\">\u22640,3%<\/span><\/td>\n<\/tr>\n<tr>\n<td style=\"background-color: #bce4f5;\" width=\"472\"><span style=\"color: #000000;\">Solubilit\u00e9<\/span><\/td>\n<td width=\"869\"><span style=\"color: #000000;\">ac\u00e9tone : 1% benz\u00e8ne : 34% chloroforme : 36% Ac\u00e9tate d&#039;\u00e9thyle : 4% \u00e9thane : 11% (200 \u00b0C, W\/W) cyclohexane : 16% m\u00e9thanol : &lt; 0,011 TP3T eau : &lt; 0,011 TP3T dichlorom\u00e9thane : 36%\u00a0<\/span><\/td>\n<\/tr>\n<tr>\n<td style=\"background-color: #bce4f5;\" rowspan=\"2\" width=\"472\"><span style=\"color: #000000;\">Transmission (10 g\/100 ml de tolu\u00e8ne)<\/span><\/td>\n<td width=\"869\"><span style=\"color: #000000;\">425nm \u226597%<\/span><\/td>\n<\/tr>\n<tr>\n<td width=\"869\"><span style=\"color: #000000;\">500nm \u226597%<\/span><\/td>\n<\/tr>\n<\/tbody>\n<\/table>\n<p><span style=\"color: #28a7de;\"><strong><b>Emballer<\/b><\/strong><\/span><\/p>\n<p><span style=\"color: #000000;\">Il est conditionn\u00e9 dans des sacs composites papier-plastique de 25 kg ou dans des cartons doubl\u00e9s de sacs plastique.\u00a0<\/span><\/p>\n<p><span style=\"color: #28a7de;\"><strong><b>Dur\u00e9e de conservation<\/b><\/strong><\/span><\/p>\n<p><span style=\"color: #000000;\">24 mois \u00e0 compter de la date de production sous emballage d&#039;origine non ouvert.<\/span><\/p>\n<p><span style=\"color: #28a7de;\"><strong><b>Stockage et transport<\/b><\/strong><\/span><\/p>\n<p><span style=\"color: #000000;\">Conservez ce produit dans un environnement frais, sec et sombre, herm\u00e9tiquement ferm\u00e9. Une fois ouvert, assurez-vous d\u2019une fermeture herm\u00e9tique et utilisez-le rapidement. Pendant le transport, prenez des pr\u00e9cautions pour \u00e9viter les fuites et suivez les bonnes pratiques industrielles. Manipuler avec soin pour \u00e9viter toute contamination de l\u2019environnement.<\/span><\/p>\n<p>&nbsp;<\/p>","protected":false},"excerpt":{"rendered":"<p>Prot\u00e8ge les mat\u00e9riaux des dommages oxydatifs, prolongeant leur dur\u00e9e de vie.<\/p>","protected":false},"featured_media":0,"template":"","meta":{"site-sidebar-layout":"default","site-content-layout":"","ast-site-content-layout":"default","site-content-style":"default","site-sidebar-style":"default","ast-global-header-display":"","ast-banner-title-visibility":"","ast-main-header-display":"","ast-hfb-above-header-display":"","ast-hfb-below-header-display":"","ast-hfb-mobile-header-display":"","site-post-title":"","ast-breadcrumbs-content":"","ast-featured-img":"","footer-sml-layout":"","theme-transparent-header-meta":"default","adv-header-id-meta":"","stick-header-meta":"","header-above-stick-meta":"","header-main-stick-meta":"","header-below-stick-meta":"","astra-migrate-meta-layouts":"set","ast-page-background-enabled":"default","ast-page-background-meta":{"desktop":{"background-color":"","background-image":"","background-repeat":"repeat","background-position":"center center","background-size":"auto","background-attachment":"scroll","background-type":"","background-media":"","overlay-type":"","overlay-color":"","overlay-opacity":"","overlay-gradient":""},"tablet":{"background-color":"","background-image":"","background-repeat":"repeat","background-position":"center center","background-size":"auto","background-attachment":"scroll","background-type":"","background-media":"","overlay-type":"","overlay-color":"","overlay-opacity":"","overlay-gradient":""},"mobile":{"background-color":"","background-image":"","background-repeat":"repeat","background-position":"center center","background-size":"auto","background-attachment":"scroll","background-type":"","background-media":"","overlay-type":"","overlay-color":"","overlay-opacity":"","overlay-gradient":""}},"ast-content-background-meta":{"desktop":{"background-color":"var(--ast-global-color-5)","background-image":"","background-repeat":"repeat","background-position":"center center","background-size":"auto","background-attachment":"scroll","background-type":"","background-media":"","overlay-type":"","overlay-color":"","overlay-opacity":"","overlay-gradient":""},"tablet":{"background-color":"var(--ast-global-color-5)","background-image":"","background-repeat":"repeat","background-position":"center center","background-size":"auto","background-attachment":"scroll","background-type":"","background-media":"","overlay-type":"","overlay-color":"","overlay-opacity":"","overlay-gradient":""},"mobile":{"background-color":"var(--ast-global-color-5)","background-image":"","background-repeat":"repeat","background-position":"center center","background-size":"auto","background-attachment":"scroll","background-type":"","background-media":"","overlay-type":"","overlay-color":"","overlay-opacity":"","overlay-gradient":""}}},"product_brand":[],"product_cat":[18,19],"product_tag":[],"class_list":{"0":"post-3490","1":"product","2":"type-product","3":"status-publish","5":"product_cat-products","6":"product_cat-antioxidant-for-polyether-and-foam","7":"desktop-align-left","8":"tablet-align-left","9":"mobile-align-left","11":"first","12":"instock","13":"shipping-taxable","14":"product-type-simple"},"_links":{"self":[{"href":"https:\/\/chicchem.com\/fr\/wp-json\/wp\/v2\/product\/3490","targetHints":{"allow":["GET"]}}],"collection":[{"href":"https:\/\/chicchem.com\/fr\/wp-json\/wp\/v2\/product"}],"about":[{"href":"https:\/\/chicchem.com\/fr\/wp-json\/wp\/v2\/types\/product"}],"wp:attachment":[{"href":"https:\/\/chicchem.com\/fr\/wp-json\/wp\/v2\/media?parent=3490"}],"wp:term":[{"taxonomy":"product_brand","embeddable":true,"href":"https:\/\/chicchem.com\/fr\/wp-json\/wp\/v2\/product_brand?post=3490"},{"taxonomy":"product_cat","embeddable":true,"href":"https:\/\/chicchem.com\/fr\/wp-json\/wp\/v2\/product_cat?post=3490"},{"taxonomy":"product_tag","embeddable":true,"href":"https:\/\/chicchem.com\/fr\/wp-json\/wp\/v2\/product_tag?post=3490"}],"curies":[{"name":"wp","href":"https:\/\/api.w.org\/{rel}","templated":true}]}}