{"id":3585,"date":"2024-08-30T02:01:09","date_gmt":"2024-08-30T02:01:09","guid":{"rendered":"https:\/\/chicchem.com\/?post_type=product&#038;p=3585"},"modified":"2024-08-30T02:29:29","modified_gmt":"2024-08-30T02:29:29","slug":"chicstab-l-06","status":"publish","type":"product","link":"https:\/\/chicchem.com\/fr\/produit\/chicstab-l-06\/","title":{"rendered":"Chicstab L06"},"content":{"rendered":"<p><span style=\"color: #f2a516;\"><strong>Description du produit<\/strong><\/span><\/p>\n<p>L&#039;antioxydant Chicstab L06 est une ph\u00e9nyl-\u03b1-naphthylamine octyl\u00e9e de grande puret\u00e9, caract\u00e9ris\u00e9e par sa nature sans cendres et sa faible volatilit\u00e9. Elle pr\u00e9sente une formation de boues minimale et est hautement compatible avec les huiles min\u00e9rales. En raison de sa faible volatilit\u00e9, Chicstab L06 offre une excellente r\u00e9sistance \u00e0 l&#039;oxydation m\u00eame \u00e0 des temp\u00e9ratures \u00e9lev\u00e9es. Il est particuli\u00e8rement bien adapt\u00e9 \u00e0 une utilisation dans les lubrifiants qui fonctionnent dans des conditions de temp\u00e9rature \u00e9lev\u00e9e, notamment les huiles de cha\u00eene haute temp\u00e9rature, les graisses synth\u00e9tiques, les lubrifiants a\u00e9ronautiques et les graisses pour roulements haute temp\u00e9rature.<\/p>\n<p>Attention : les lubrifiants contenant du Chicstab L06 peuvent d\u00e9velopper une couleur brun rouge\u00e2tre lors de l&#039;exposition \u00e0 la lumi\u00e8re, mais cela n&#039;affecte pas leurs performances.<\/p>\n<p>&nbsp;<\/p>\n<p><span style=\"color: #ff9900;\"><strong><b>Propri\u00e9t\u00e9s physiques<\/b><\/strong><\/span><\/p>\n<table style=\"height: 30px; width: 99.0148%;\" cellspacing=\"10\">\n<tbody>\n<tr style=\"height: 5px;\">\n<td style=\"background-color: #ffecc9; height: 5px;\" colspan=\"2\" scope=\"row\" width=\"233\"><span style=\"color: #000000;\">Forme physique<\/span><\/td>\n<td style=\"height: 5px;\" scope=\"row\" width=\"355\">poudre marron clair<\/td>\n<\/tr>\n<tr style=\"height: 5px;\">\n<td style=\"background-color: #ffecc9; height: 5px;\" colspan=\"2\" scope=\"row\" width=\"233\"><span style=\"color: #000000;\">Dosage, % \u2265<\/span><\/td>\n<td style=\"height: 5px;\" scope=\"row\" width=\"355\">98.0<\/td>\n<\/tr>\n<tr style=\"height: 5px;\">\n<td style=\"background-color: #ffecc9; height: 5px;\" colspan=\"2\" scope=\"row\" width=\"233\"><span style=\"color: #000000;\">Point de fusion, \u2103\u2265<\/span><\/td>\n<td style=\"height: 5px;\" scope=\"row\" width=\"355\">75<\/td>\n<\/tr>\n<tr style=\"height: 5px;\">\n<td style=\"background-color: #ffecc9; height: 5px;\" colspan=\"2\" scope=\"row\" width=\"233\"><span style=\"color: #000000;\">Point d&#039;\u00e9clair \uff08COC\uff09\/\u2103 \uff1e<\/span><\/td>\n<td style=\"height: 5px;\" scope=\"row\" width=\"355\">180 heures<\/td>\n<\/tr>\n<tr style=\"height: 5px;\">\n<td style=\"background-color: #ffecc9; height: 5px;\" rowspan=\"3\" scope=\"row\" width=\"116\"><span style=\"color: #000000;\">\u00a0\u00a0\u00a0\u00a0\u00a0\u00a0\u00a0\u00a0\u00a0\u00a0Solubilit\u00e9<\/span><\/td>\n<td style=\"background-color: #ffecc9; height: 5px;\" scope=\"row\" width=\"116\"><span style=\"color: #000000;\">huile min\u00e9rale\/%<\/span><\/td>\n<td style=\"height: 5px;\" scope=\"row\" width=\"355\">\u22653<\/td>\n<\/tr>\n<tr style=\"height: 5px;\">\n<td style=\"background-color: #ffecc9; height: 5px;\" scope=\"row\" width=\"116\"><span style=\"color: #000000;\">ester\/%<\/span><\/td>\n<td style=\"height: 5px;\" scope=\"row\" width=\"355\">\u22655<\/td>\n<\/tr>\n<tr style=\"height: 5px;\">\n<td style=\"background-color: #ffecc9; height: 5px;\" scope=\"row\" width=\"116\"><span style=\"color: #000000;\">eau\/%<\/span><\/td>\n<td style=\"height: 5px;\" scope=\"row\" width=\"355\">\u22640,01<\/td>\n<\/tr>\n<\/tbody>\n<\/table>\n<p><!--more--><\/p>\n<p><span style=\"color: #ff9900;\"><strong>Caract\u00e9ristiques et avantages<\/strong><\/span><\/p>\n<p>Ce produit surpasse la N-ph\u00e9nyl-\u03b1-naphtylamine en raison de sa volatilit\u00e9 plus faible. Il est non toxique, ininflammable et non corrosif, offrant une excellente stabilit\u00e9 au stockage.<\/p>\n<p><span style=\"color: #ff9900;\"><strong><b>Guide d&#039;utilisation <\/b><\/strong><\/span><\/p>\n<p>Posologie recommand\u00e9e<\/p>\n<ul>\n<li>Lubrifiants synth\u00e9tiques : 2-3%<\/li>\n<li>Lubrifiants industriels : 0.2-1%<\/li>\n<li>Huiles moteur : 0,1-0,5%<\/li>\n<\/ul>\n<p><strong><b>\u00a0<\/b><\/strong><span style=\"color: #ff9900;\"><strong><b>Emballer<\/b><\/strong><\/span><\/p>\n<p>Sacs en papier et plastique de 25 kg, f\u00fbts en carton doubl\u00e9s de sacs en plastique de 25 kg.<\/p>\n<p><span style=\"color: #ff9900;\"><strong><b>Dur\u00e9e de conservation<\/b><\/strong><\/span><\/p>\n<p>24 mois \u00e0 compter de la date de production sous emballage d&#039;origine non ouvert.<\/p>\n<p><strong><b>\u00a0<\/b><\/strong><span style=\"color: #ff9900;\"><strong><b>Stockage<\/b><\/strong><\/span><\/p>\n<p>Conserver dans un environnement sombre, sec et frais, en gardant le r\u00e9cipient bien ferm\u00e9. Apr\u00e8s ouverture, fermer herm\u00e9tiquement le r\u00e9cipient et utiliser le produit dans les plus brefs d\u00e9lais.<\/p>","protected":false},"excerpt":{"rendered":"<p>Prot\u00e8ge les mat\u00e9riaux des dommages oxydatifs, prolongeant leur dur\u00e9e de vie.<\/p>","protected":false},"featured_media":0,"template":"","meta":{"site-sidebar-layout":"default","site-content-layout":"","ast-site-content-layout":"default","site-content-style":"default","site-sidebar-style":"default","ast-global-header-display":"","ast-banner-title-visibility":"","ast-main-header-display":"","ast-hfb-above-header-display":"","ast-hfb-below-header-display":"","ast-hfb-mobile-header-display":"","site-post-title":"","ast-breadcrumbs-content":"","ast-featured-img":"","footer-sml-layout":"","theme-transparent-header-meta":"default","adv-header-id-meta":"","stick-header-meta":"","header-above-stick-meta":"","header-main-stick-meta":"","header-below-stick-meta":"","astra-migrate-meta-layouts":"set","ast-page-background-enabled":"default","ast-page-background-meta":{"desktop":{"background-color":"","background-image":"","background-repeat":"repeat","background-position":"center center","background-size":"auto","background-attachment":"scroll","background-type":"","background-media":"","overlay-type":"","overlay-color":"","overlay-opacity":"","overlay-gradient":""},"tablet":{"background-color":"","background-image":"","background-repeat":"repeat","background-position":"center center","background-size":"auto","background-attachment":"scroll","background-type":"","background-media":"","overlay-type":"","overlay-color":"","overlay-opacity":"","overlay-gradient":""},"mobile":{"background-color":"","background-image":"","background-repeat":"repeat","background-position":"center center","background-size":"auto","background-attachment":"scroll","background-type":"","background-media":"","overlay-type":"","overlay-color":"","overlay-opacity":"","overlay-gradient":""}},"ast-content-background-meta":{"desktop":{"background-color":"var(--ast-global-color-5)","background-image":"","background-repeat":"repeat","background-position":"center center","background-size":"auto","background-attachment":"scroll","background-type":"","background-media":"","overlay-type":"","overlay-color":"","overlay-opacity":"","overlay-gradient":""},"tablet":{"background-color":"var(--ast-global-color-5)","background-image":"","background-repeat":"repeat","background-position":"center center","background-size":"auto","background-attachment":"scroll","background-type":"","background-media":"","overlay-type":"","overlay-color":"","overlay-opacity":"","overlay-gradient":""},"mobile":{"background-color":"var(--ast-global-color-5)","background-image":"","background-repeat":"repeat","background-position":"center center","background-size":"auto","background-attachment":"scroll","background-type":"","background-media":"","overlay-type":"","overlay-color":"","overlay-opacity":"","overlay-gradient":""}}},"product_brand":[],"product_cat":[20],"product_tag":[],"class_list":{"0":"post-3585","1":"product","2":"type-product","3":"status-publish","5":"product_cat-antioxidant-for-lubricant","6":"desktop-align-left","7":"tablet-align-left","8":"mobile-align-left","10":"first","11":"instock","12":"shipping-taxable","13":"product-type-simple"},"_links":{"self":[{"href":"https:\/\/chicchem.com\/fr\/wp-json\/wp\/v2\/product\/3585","targetHints":{"allow":["GET"]}}],"collection":[{"href":"https:\/\/chicchem.com\/fr\/wp-json\/wp\/v2\/product"}],"about":[{"href":"https:\/\/chicchem.com\/fr\/wp-json\/wp\/v2\/types\/product"}],"wp:attachment":[{"href":"https:\/\/chicchem.com\/fr\/wp-json\/wp\/v2\/media?parent=3585"}],"wp:term":[{"taxonomy":"product_brand","embeddable":true,"href":"https:\/\/chicchem.com\/fr\/wp-json\/wp\/v2\/product_brand?post=3585"},{"taxonomy":"product_cat","embeddable":true,"href":"https:\/\/chicchem.com\/fr\/wp-json\/wp\/v2\/product_cat?post=3585"},{"taxonomy":"product_tag","embeddable":true,"href":"https:\/\/chicchem.com\/fr\/wp-json\/wp\/v2\/product_tag?post=3585"}],"curies":[{"name":"wp","href":"https:\/\/api.w.org\/{rel}","templated":true}]}}