{"id":3675,"date":"2025-01-02T05:09:55","date_gmt":"2025-01-02T05:09:55","guid":{"rendered":"https:\/\/chicchem.com\/?post_type=product&#038;p=3675"},"modified":"2025-01-02T09:16:01","modified_gmt":"2025-01-02T09:16:01","slug":"chicstab-bht","status":"publish","type":"product","link":"https:\/\/chicchem.com\/fr\/produit\/chicstab-bht\/","title":{"rendered":"CHICSTAB BHT"},"content":{"rendered":"<p><span style=\"color: #ffcc00;\"><strong><b>Description du produit<\/b><\/strong><\/span><\/p>\n<p>Chicstab BHT est un antioxydant ph\u00e9nolique traditionnel connu pour son excellente r\u00e9sistance \u00e0 la chaleur, sa stabilit\u00e9 et son absence d&#039;odeur sp\u00e9cifique. Contrairement \u00e0 d&#039;autres antioxydants, il ne r\u00e9agit pas avec les ions m\u00e9talliques, \u00e9vitant ainsi les changements de couleur ind\u00e9sirables. Cet additif polyvalent est largement utilis\u00e9 dans les huiles industrielles pour ses propri\u00e9t\u00e9s antioxydantes et antiadh\u00e9sives.<\/p>\n<p>Il emp\u00eache efficacement l&#039;augmentation de la valeur acide ou de la viscosit\u00e9 des huiles lubrifiantes et des huiles combustibles, ce qui en fait un choix exceptionnel pour divers produits p\u00e9troliers. Chicstab BHT fonctionne de mani\u00e8re optimale \u00e0 une temp\u00e9rature de travail de 100 \u2103. Lorsqu&#039;il est combin\u00e9 avec du ZDDP alcalin \u00e0 longue cha\u00eene et du TCP, il am\u00e9liore la d\u00e9sactivation des m\u00e9taux et la pr\u00e9vention de la rouille, ce qui le rend id\u00e9al pour la formulation d&#039;huiles hydrauliques anti-usure et d&#039;autres produits connexes.<\/p>\n<p>&nbsp;<\/p>\n<p><span style=\"color: #ffcc00;\"><strong><b>Physique <\/b><\/strong><strong><b>p<\/b><\/strong><strong><b>ropert<\/b><\/strong><strong><b>ies<\/b><\/strong><\/span><\/p>\n<table>\n<tbody>\n<tr style=\"height: 10px;\">\n<td style=\"background-color: #ffecc9;\" width=\"278\"><strong>Forme physique<\/strong><\/td>\n<td width=\"326\">Solides cristallins blancs ou poudre<\/td>\n<\/tr>\n<tr style=\"height: 10px;\">\n<td style=\"background-color: #ffecc9;\" width=\"278\"><strong>Puret\u00e9, %, \u2265<\/strong><\/td>\n<td width=\"326\">99<\/td>\n<\/tr>\n<tr style=\"height: 10px;\">\n<td style=\"background-color: #ffecc9;\" width=\"278\"><strong>Point de fusion initial, \uff08\u2103\uff09<\/strong><\/td>\n<td width=\"326\">\u00a069.0-70.0<\/td>\n<\/tr>\n<tr style=\"height: 10px;\">\n<td style=\"background-color: #ffecc9;\" width=\"278\"><strong>Teneur en cr\u00e9sol libre (%) \u2264<\/strong><\/td>\n<td width=\"326\">0.015<\/td>\n<\/tr>\n<tr style=\"height: 10px;\">\n<td style=\"background-color: #ffecc9;\" width=\"278\"><strong>Teneur en cendres (%), \u2264<\/strong><\/td>\n<td width=\"326\">0.01<\/td>\n<\/tr>\n<tr style=\"height: 10px;\">\n<td style=\"background-color: #ffecc9;\" width=\"278\"><strong>Point d&#039;\u00e9clair (coupe ferm\u00e9e, \u00b0C)<\/strong><\/td>\n<td width=\"326\">127<\/td>\n<\/tr>\n<\/tbody>\n<\/table>\n<p><strong><b>\u00a0<\/b><\/strong><\/p>\n<p><span style=\"color: #ffcc00;\"><strong><b>Caract\u00e9ristiques et avantages<\/b><\/strong><\/span><\/p>\n<p>Ce produit est non corrosif, pr\u00e9sente une excellente solubilit\u00e9 dans l&#039;huile et ne provoque pas de d\u00e9coloration. Il peut \u00eatre ajout\u00e9 directement ou introduit sous forme de concentr\u00e9 (liqueur m\u00e8re) dans les formulations. Dot\u00e9 d&#039;une r\u00e9sistance \u00e0 la chaleur et d&#039;une stabilit\u00e9 exceptionnelles, il est exempt d&#039;odeur sp\u00e9cifique et ne produit pas de r\u00e9actions de couleur avec les ions m\u00e9talliques.<\/p>\n<p>&nbsp;<\/p>\n<p><span style=\"color: #ffcc00;\"><strong><b>Emballer<\/b><\/strong><\/span><\/p>\n<p>25 kg\/sac ou 25 kg\/tambour<\/p>\n<p>&nbsp;<\/p>\n<p><span style=\"color: #ffcc00;\"><strong><b>Dur\u00e9e de conservation<\/b><\/strong><\/span><\/p>\n<p>24 mois \u00e0 compter de la date de production sous emballage d&#039;origine non ouvert.<\/p>\n<p>&nbsp;<\/p>\n<p><span style=\"color: #ffcc00;\"><strong><b>Stockage et transport<\/b><\/strong><\/span><\/p>\n<p>Conserver dans un endroit frais et bien ventil\u00e9. Conserver l&#039;emballage herm\u00e9tiquement ferm\u00e9 et utiliser le produit rapidement apr\u00e8s l&#039;avoir ouvert. Veiller \u00e0 ce qu&#039;il n&#039;y ait pas de fuite pendant le transport. Suivre les pratiques de manutention industrielle appropri\u00e9es, manipuler avec pr\u00e9caution et \u00e9viter toute contamination environnementale.<\/p>","protected":false},"excerpt":{"rendered":"<p>Prot\u00e8ge les mat\u00e9riaux des dommages oxydatifs, prolongeant leur dur\u00e9e de vie.<\/p>","protected":false},"featured_media":0,"template":"","meta":{"site-sidebar-layout":"default","site-content-layout":"","ast-site-content-layout":"default","site-content-style":"default","site-sidebar-style":"default","ast-global-header-display":"","ast-banner-title-visibility":"","ast-main-header-display":"","ast-hfb-above-header-display":"","ast-hfb-below-header-display":"","ast-hfb-mobile-header-display":"","site-post-title":"","ast-breadcrumbs-content":"","ast-featured-img":"","footer-sml-layout":"","theme-transparent-header-meta":"default","adv-header-id-meta":"","stick-header-meta":"","header-above-stick-meta":"","header-main-stick-meta":"","header-below-stick-meta":"","astra-migrate-meta-layouts":"set","ast-page-background-enabled":"default","ast-page-background-meta":{"desktop":{"background-color":"","background-image":"","background-repeat":"repeat","background-position":"center center","background-size":"auto","background-attachment":"scroll","background-type":"","background-media":"","overlay-type":"","overlay-color":"","overlay-opacity":"","overlay-gradient":""},"tablet":{"background-color":"","background-image":"","background-repeat":"repeat","background-position":"center center","background-size":"auto","background-attachment":"scroll","background-type":"","background-media":"","overlay-type":"","overlay-color":"","overlay-opacity":"","overlay-gradient":""},"mobile":{"background-color":"","background-image":"","background-repeat":"repeat","background-position":"center center","background-size":"auto","background-attachment":"scroll","background-type":"","background-media":"","overlay-type":"","overlay-color":"","overlay-opacity":"","overlay-gradient":""}},"ast-content-background-meta":{"desktop":{"background-color":"var(--ast-global-color-5)","background-image":"","background-repeat":"repeat","background-position":"center center","background-size":"auto","background-attachment":"scroll","background-type":"","background-media":"","overlay-type":"","overlay-color":"","overlay-opacity":"","overlay-gradient":""},"tablet":{"background-color":"var(--ast-global-color-5)","background-image":"","background-repeat":"repeat","background-position":"center center","background-size":"auto","background-attachment":"scroll","background-type":"","background-media":"","overlay-type":"","overlay-color":"","overlay-opacity":"","overlay-gradient":""},"mobile":{"background-color":"var(--ast-global-color-5)","background-image":"","background-repeat":"repeat","background-position":"center center","background-size":"auto","background-attachment":"scroll","background-type":"","background-media":"","overlay-type":"","overlay-color":"","overlay-opacity":"","overlay-gradient":""}}},"product_brand":[],"product_cat":[18,20],"product_tag":[],"class_list":{"0":"post-3675","1":"product","2":"type-product","3":"status-publish","5":"product_cat-products","6":"product_cat-antioxidant-for-lubricant","7":"desktop-align-left","8":"tablet-align-left","9":"mobile-align-left","11":"first","12":"instock","13":"shipping-taxable","14":"product-type-simple"},"_links":{"self":[{"href":"https:\/\/chicchem.com\/fr\/wp-json\/wp\/v2\/product\/3675","targetHints":{"allow":["GET"]}}],"collection":[{"href":"https:\/\/chicchem.com\/fr\/wp-json\/wp\/v2\/product"}],"about":[{"href":"https:\/\/chicchem.com\/fr\/wp-json\/wp\/v2\/types\/product"}],"wp:attachment":[{"href":"https:\/\/chicchem.com\/fr\/wp-json\/wp\/v2\/media?parent=3675"}],"wp:term":[{"taxonomy":"product_brand","embeddable":true,"href":"https:\/\/chicchem.com\/fr\/wp-json\/wp\/v2\/product_brand?post=3675"},{"taxonomy":"product_cat","embeddable":true,"href":"https:\/\/chicchem.com\/fr\/wp-json\/wp\/v2\/product_cat?post=3675"},{"taxonomy":"product_tag","embeddable":true,"href":"https:\/\/chicchem.com\/fr\/wp-json\/wp\/v2\/product_tag?post=3675"}],"curies":[{"name":"wp","href":"https:\/\/api.w.org\/{rel}","templated":true}]}}